{"id":174,"date":"2023-05-15T16:20:32","date_gmt":"2023-05-15T14:20:32","guid":{"rendered":"https:\/\/karriere.hi-ma.de\/?page_id=174"},"modified":"2025-07-15T10:45:08","modified_gmt":"2025-07-15T08:45:08","slug":"174-2","status":"publish","type":"page","link":"https:\/\/karriere.hi-ma.de\/index.php\/174-2\/","title":{"rendered":"Initiativ Bewerbung"},"content":{"rendered":"<p>[et_pb_section fb_built=&#8220;1&#8243; admin_label=&#8220;Sektion&#8220; _builder_version=&#8220;4.20.4&#8243; _module_preset=&#8220;default&#8220; global_colors_info=&#8220;{}&#8220;][et_pb_row _builder_version=&#8220;4.20.4&#8243; _module_preset=&#8220;default&#8220; global_colors_info=&#8220;{}&#8220;][et_pb_column type=&#8220;4_4&#8243; _builder_version=&#8220;4.20.4&#8243; _module_preset=&#8220;default&#8220; global_colors_info=&#8220;{}&#8220;][dipl_double_color_heading heading_post_part=&#8220;Initiativbewerbung&#8220; _builder_version=&#8220;4.21.0&#8243; _module_preset=&#8220;default&#8220; global_heading_settings_level=&#8220;h3&#8243; global_heading_settings_text_align=&#8220;left&#8220; pre_header_font=&#8220;||||||||&#8220; post_header_font=&#8220;||||||||&#8220; global_colors_info=&#8220;{}&#8220;][\/dipl_double_color_heading][et_pb_text _builder_version=&#8220;4.21.0&#8243; _module_preset=&#8220;default&#8220; text_font=&#8220;||||||||&#8220; global_colors_info=&#8220;{}&#8220;]<\/p>\n<p>Wo andere aufh\u00f6ren, f\u00e4ngst du erst so richtig an? Mit HIMA durchstarten hei\u00dft: mehr wollen und bewegen als andere. Als weltweiter Technologief\u00fchrer in der Erstellung von Gewinde und Formwalzwerkzeugen f\u00fcr die Kaltmassivumformung suchen wir Mutige, die bereit sind, immer einen Schritt weiterzugehen, Verantwortung zu \u00fcbernehmen und wissen, worauf es ankommt.<\/p>\n<p>Falls du Interesse hast, kannst du dich auch jederzeit \u00fcber die hier angebotenen Stellen hinaus bei uns bewerben. Sag uns, welcher Job dich interessiert, was dein Ziel ist, was du bei uns erreichen m\u00f6chtest und welche Skills du mitbringst. Schicke uns einfach jetzt deine aussagekr\u00e4ftige Bewerbung. Wir freuen uns drauf!<\/p>\n<p>[\/et_pb_text][\/et_pb_column][\/et_pb_row][et_pb_row _builder_version=&#8220;4.20.4&#8243; _module_preset=&#8220;default&#8220; global_colors_info=&#8220;{}&#8220;][et_pb_column type=&#8220;4_4&#8243; _builder_version=&#8220;4.20.4&#8243; _module_preset=&#8220;default&#8220; global_colors_info=&#8220;{}&#8220;][dipl_image_card_carousel space_between_slides=&#8220;66px&#8220; autoplay=&#8220;off&#8220; cards_per_slide_tablet=&#8220;2&#8243; cards_per_slide_phone=&#8220;1&#8243; _builder_version=&#8220;4.27.4&#8243; _module_preset=&#8220;default&#8220; global_colors_info=&#8220;{}&#8220;][dipl_image_card_carousel_item image=&#8220;https:\/\/karriere.hi-ma.de\/wp-content\/uploads\/2023\/06\/young-african-american-industrial-man-during-night-2022-01-19-00-09-51-utc.jpg&#8220; _builder_version=&#8220;4.27.4&#8243; _module_preset=&#8220;default&#8220; global_colors_info=&#8220;{}&#8220; title=&#8220; &#8222;][\/dipl_image_card_carousel_item][dipl_image_card_carousel_item image=&#8220;https:\/\/karriere.hi-ma.de\/wp-content\/uploads\/2023\/06\/Montage_Azubi_maennlich.jpg&#8220; _builder_version=&#8220;4.27.4&#8243; _module_preset=&#8220;default&#8220; global_colors_info=&#8220;{}&#8220; title=&#8220; &#8222;][\/dipl_image_card_carousel_item][dipl_image_card_carousel_item image=&#8220;https:\/\/karriere.hi-ma.de\/wp-content\/uploads\/2023\/06\/Motiv_Frau.jpg&#8220; _builder_version=&#8220;4.27.4&#8243; _module_preset=&#8220;default&#8220; global_colors_info=&#8220;{}&#8220; title=&#8220; &#8222;][\/dipl_image_card_carousel_item][\/dipl_image_card_carousel][\/et_pb_column][\/et_pb_row][\/et_pb_section][et_pb_section fb_built=&#8220;1&#8243; _builder_version=&#8220;4.20.4&#8243; _module_preset=&#8220;default&#8220; background_color=&#8220;#12326E&#8220; global_colors_info=&#8220;{}&#8220;][et_pb_row _builder_version=&#8220;4.20.4&#8243; _module_preset=&#8220;default&#8220; global_colors_info=&#8220;{}&#8220;][et_pb_column type=&#8220;4_4&#8243; _builder_version=&#8220;4.20.4&#8243; _module_preset=&#8220;default&#8220; global_colors_info=&#8220;{}&#8220;][dipl_double_color_heading heading_pre_part=&#8220;Alles dreht sich um deine Bewerbung.&#8220; _builder_version=&#8220;4.25.0&#8243; _module_preset=&#8220;default&#8220; global_heading_settings_level=&#8220;h3&#8243; pre_header_font=&#8220;||||||||&#8220; pre_header_text_color=&#8220;#FFFFFF&#8220; post_header_font=&#8220;||||||||&#8220; post_header_text_color=&#8220;#FFFFFF&#8220; global_colors_info=&#8220;{}&#8220;][\/dipl_double_color_heading][\/et_pb_column][\/et_pb_row][et_pb_row _builder_version=&#8220;4.21.0&#8243; _module_preset=&#8220;default&#8220; custom_css_main_element=&#8220;color: white;&#8220; global_colors_info=&#8220;{}&#8220;][et_pb_column type=&#8220;4_4&#8243; _builder_version=&#8220;4.20.4&#8243; _module_preset=&#8220;default&#8220; global_colors_info=&#8220;{}&#8220;][dipl_form_styler form_type=&#8220;contact_form_7&#8243; cf7_form_id=&#8220;66&#8243; input_text_color=&#8220;#FFFFFF&#8220; focus_input_text_color=&#8220;#FFFFFF&#8220; placeholder_text_color=&#8220;#FFFFFF&#8220; focus_placeholder_text_color=&#8220;#FFFFFF&#8220; input_bg_color=&#8220;RGBA(255,255,255,0)&#8220; input_focus_bg_color=&#8220;RGBA(255,255,255,0)&#8220; button_custom_padding=&#8220;10px|20px|10px|20px|true|true&#8220; submit_custom_padding=&#8220;10px|20px|10px|20px|true|true&#8220; submit_bg_color=&#8220;#FFFFFF&#8220; _builder_version=&#8220;4.21.0&#8243; _module_preset=&#8220;default&#8220; label_font=&#8220;||||||||&#8220; label_text_color=&#8220;#FFFFFF&#8220; input_font=&#8220;||||||||&#8220; placeholder_font=&#8220;||||||||&#8220; upload_text_font=&#8220;|300||on|||||&#8220; upload_text_text_color=&#8220;#FFFFFF&#8220; upload_text_font_size=&#8220;14px&#8220; submit_button_text_font=&#8220;|||on|||||&#8220; submit_button_text_text_color=&#8220;#12326E&#8220; button_text_font=&#8220;|||on|||||&#8220; button_text_text_color=&#8220;#12326E&#8220; text_orientation=&#8220;left&#8220; module_alignment_last_edited=&#8220;off|desktop&#8220; border_width_all_input=&#8220;0px&#8220; border_width_bottom_input=&#8220;2px&#8220; border_color_bottom_input=&#8220;#FFFFFF&#8220; border_radii_submit_button=&#8220;on|10px|10px|10px|10px&#8220; border_width_all_submit_button=&#8220;0px&#8220; border_radii_button=&#8220;on|10px|10px|10px|10px&#8220; border_width_all_button=&#8220;0px&#8220; global_colors_info=&#8220;{}&#8220;][\/dipl_form_styler][\/et_pb_column][\/et_pb_row][\/et_pb_section]<\/p>\n","protected":false},"excerpt":{"rendered":"<p><div class=\"et_pb_module dipl_double_color_heading dipl_double_color_heading_0 \">\n\t\t\t\t\n\t\t\t\t\n\t\t\t\t\n\t\t\t\t\n\t\t\t\t\n\t\t\t\t\n\t\t\t\t<div class=\"et_pb_module_inner\">\n\t\t\t\t\t<div class=\"dipl_text_wrapper\"><h3><span class=\"dipl_post_text\">Initiativbewerbung<\/span><\/h3><\/div>\n\t\t\t\t<\/div>\n\t\t\t<\/div>Wo andere aufh\u00f6ren, f\u00e4ngst du erst so richtig an? Mit HIMA durchstarten hei\u00dft: mehr wollen und bewegen als andere. Als weltweiter Technologief\u00fchrer in der Erstellung von Gewinde und Formwalzwerkzeugen f\u00fcr die Kaltmassivumformung suchen wir Mutige, die bereit sind, immer einen Schritt weiterzugehen, Verantwortung zu \u00fcbernehmen und wissen, [&hellip;]<\/p>\n","protected":false},"author":2,"featured_media":0,"parent":0,"menu_order":0,"comment_status":"closed","ping_status":"closed","template":"","meta":{"_et_pb_use_builder":"on","_et_pb_old_content":"","_et_gb_content_width":"","footnotes":""},"class_list":["post-174","page","type-page","status-publish","hentry"],"_links":{"self":[{"href":"https:\/\/karriere.hi-ma.de\/index.php\/wp-json\/wp\/v2\/pages\/174","targetHints":{"allow":["GET"]}}],"collection":[{"href":"https:\/\/karriere.hi-ma.de\/index.php\/wp-json\/wp\/v2\/pages"}],"about":[{"href":"https:\/\/karriere.hi-ma.de\/index.php\/wp-json\/wp\/v2\/types\/page"}],"author":[{"embeddable":true,"href":"https:\/\/karriere.hi-ma.de\/index.php\/wp-json\/wp\/v2\/users\/2"}],"replies":[{"embeddable":true,"href":"https:\/\/karriere.hi-ma.de\/index.php\/wp-json\/wp\/v2\/comments?post=174"}],"version-history":[{"count":9,"href":"https:\/\/karriere.hi-ma.de\/index.php\/wp-json\/wp\/v2\/pages\/174\/revisions"}],"predecessor-version":[{"id":359,"href":"https:\/\/karriere.hi-ma.de\/index.php\/wp-json\/wp\/v2\/pages\/174\/revisions\/359"}],"wp:attachment":[{"href":"https:\/\/karriere.hi-ma.de\/index.php\/wp-json\/wp\/v2\/media?parent=174"}],"curies":[{"name":"wp","href":"https:\/\/api.w.org\/{rel}","templated":true}]}}